{"id":14,"date":"2013-02-13T18:15:06","date_gmt":"2013-02-13T18:15:06","guid":{"rendered":"http:\/\/includit.ipleiria.pt\/?page_id=14"},"modified":"2025-09-16T16:36:16","modified_gmt":"2025-09-16T15:36:16","slug":"inscricoes","status":"publish","type":"page","link":"https:\/\/includit.ipleiria.pt\/en\/inscricoes\/","title":{"rendered":"Registrations"},"content":{"rendered":"<p><\/p>\n<h1><span style=\"color: #2b3990\"><strong>Registration<\/strong><\/span><\/h1>\n<ul>\n<li>Authors of communications (external to the Polytechnic of Leiria) &#8211; 50 euros<\/li>\n<li>Authors of communications (lecturers, researchers, students and former students of the Polytechnic of Leiria registered in IPLeiri@lumni Network, Scientific Committee of the event) &#8211; 25 euros<\/li>\n<li>Participants without communication &#8211; 20 euros<\/li>\n<li>Saturday \u2013 free of charge (without certificate)<\/li>\n<\/ul>\n<p>&nbsp;<\/p>\n<h2><span style=\"color: #0000ff\"><a style=\"color: #0000ff\" href=\"https:\/\/hello.last2ticket.com\/event\/7598\/#\" target=\"_blank\" rel=\"noopener\"><strong>Registration form &#8211; https:\/\/hello.last2ticket.com\/event\/7598\/#\u00a0<\/strong><\/a><\/span><\/h2>\n<p><a href=\"https:\/\/hello.last2ticket.com\/event\/7598\/#\"><img loading=\"lazy\" decoding=\"async\" class=\"wp-image-3367 aligncenter\" src=\"http:\/\/includit.ipleiria.pt\/files\/2025\/09\/formulario-de-inscricao.png\" alt=\"Image of front page of the registration form\" width=\"624\" height=\"395\" srcset=\"https:\/\/includit.ipleiria.pt\/files\/2025\/09\/formulario-de-inscricao.png 1192w, https:\/\/includit.ipleiria.pt\/files\/2025\/09\/formulario-de-inscricao-300x190.png 300w, https:\/\/includit.ipleiria.pt\/files\/2025\/09\/formulario-de-inscricao-1024x648.png 1024w, https:\/\/includit.ipleiria.pt\/files\/2025\/09\/formulario-de-inscricao-768x486.png 768w\" sizes=\"auto, (max-width: 624px) 100vw, 624px\" \/><\/a><\/p>\n<p>&nbsp;<\/p>\n<p><strong>Observation:<\/strong> Cancellation of registration implies the total loss of the registration fee, and there will be no refunds.<br \/>\nEach (co-) author registered may submit and present a maximum of two communications.<br \/>\nThe presentation certificate will be issued only with the names of the persons registered as authors and presenting the work at the event.<\/p>\n<h2><strong><span style=\"color: #2b3990\">Registration fee includes:<\/span><\/strong><\/h2>\n<p><strong>Online:<\/strong><\/p>\n<ul>\n<li>Access only to the parallel session where the paper will be presented<\/li>\n<li>Certificate of attendance<\/li>\n<\/ul>\n<p><strong>In-person:<\/strong><\/p>\n<ul>\n<li>Participation in the conference and its scientific and cultural activities<\/li>\n<li>Documentation<\/li>\n<li>Certificate of attendance<\/li>\n<li>Coffee-break<\/li>\n<\/ul>\n<h2><span style=\"color: #2b3990\"><strong>Organization<\/strong><\/span><\/h2>\n<p><a href=\"http:\/\/includit.ipleiria.pt\/files\/2025\/06\/Logos_UO_UI.png\"><img loading=\"lazy\" decoding=\"async\" class=\"aligncenter size-full wp-image-3311\" src=\"http:\/\/includit.ipleiria.pt\/files\/2025\/06\/Logos_UO_UI.png\" alt=\"Banner com log\u00f3tipos das entidades de organiza\u00e7\u00e3o da INCLUDiT e da CITecA. Num fundo branco encontram-se 3 linhas de log\u00f3tipos. Na primeira linha, CiTechCare, CICS.Nova, CIDEI, LiDA, FCT; Na segunda linha, Polit\u00e9cnico de Leiria, Escola Superior de Educa\u00e7\u00e3o e Ci\u00eancias Sociais, Escola Superior de Sa\u00fade, Escola Superior de Artes e Design, aTOPlab; na terceira linha, C\u00e2mara Municipal do Entroncamento, CERE.\" width=\"1289\" height=\"332\" srcset=\"https:\/\/includit.ipleiria.pt\/files\/2025\/06\/Logos_UO_UI.png 1289w, https:\/\/includit.ipleiria.pt\/files\/2025\/06\/Logos_UO_UI-300x77.png 300w, https:\/\/includit.ipleiria.pt\/files\/2025\/06\/Logos_UO_UI-1024x264.png 1024w, https:\/\/includit.ipleiria.pt\/files\/2025\/06\/Logos_UO_UI-768x198.png 768w\" sizes=\"auto, (max-width: 1289px) 100vw, 1289px\" \/><\/a><\/p>","protected":false},"excerpt":{"rendered":"<p>Registration Authors of communications (external to the Polytechnic of Leiria) &#8211; 50 euros Authors of communications (lecturers, researchers, students and former students of the Polytechnic of Leiria registered in IPLeiri@lumni<\/p>\n<div class=\"more-link-container\"> [&hellip;]<\/div>\n<p> <span class=\"more-text\">[+]<\/span><\/p>\n","protected":false},"author":5,"featured_media":0,"parent":0,"menu_order":4,"comment_status":"closed","ping_status":"closed","template":"","meta":{"_monsterinsights_skip_tracking":false,"_monsterinsights_sitenote_active":false,"_monsterinsights_sitenote_note":"","_monsterinsights_sitenote_category":0,"footnotes":""},"class_list":["post-14","page","type-page","status-publish","hentry"],"_links":{"self":[{"href":"https:\/\/includit.ipleiria.pt\/en\/wp-json\/wp\/v2\/pages\/14","targetHints":{"allow":["GET"]}}],"collection":[{"href":"https:\/\/includit.ipleiria.pt\/en\/wp-json\/wp\/v2\/pages"}],"about":[{"href":"https:\/\/includit.ipleiria.pt\/en\/wp-json\/wp\/v2\/types\/page"}],"author":[{"embeddable":true,"href":"https:\/\/includit.ipleiria.pt\/en\/wp-json\/wp\/v2\/users\/5"}],"replies":[{"embeddable":true,"href":"https:\/\/includit.ipleiria.pt\/en\/wp-json\/wp\/v2\/comments?post=14"}],"version-history":[{"count":123,"href":"https:\/\/includit.ipleiria.pt\/en\/wp-json\/wp\/v2\/pages\/14\/revisions"}],"predecessor-version":[{"id":3369,"href":"https:\/\/includit.ipleiria.pt\/en\/wp-json\/wp\/v2\/pages\/14\/revisions\/3369"}],"wp:attachment":[{"href":"https:\/\/includit.ipleiria.pt\/en\/wp-json\/wp\/v2\/media?parent=14"}],"curies":[{"name":"wp","href":"https:\/\/api.w.org\/{rel}","templated":true}]}}