{"id":3232,"date":"2025-05-30T18:49:40","date_gmt":"2025-05-30T17:49:40","guid":{"rendered":"https:\/\/includit.ipleiria.pt\/?page_id=3232"},"modified":"2025-10-16T12:33:50","modified_gmt":"2025-10-16T11:33:50","slug":"programa","status":"publish","type":"page","link":"https:\/\/includit.ipleiria.pt\/en\/programa\/","title":{"rendered":"Programme"},"content":{"rendered":"<p><\/p>\n<h1><span style=\"color: #2b3990\"><strong>Programme<\/strong><\/span><\/h1>\n<h3><strong>October 17- Cineteatro S\u00e3o Jo\u00e3o<\/strong><\/h3>\n<p><strong>08:30<\/strong> \u2013 Secretariat opens<\/p>\n<p><strong>09:30<\/strong> &#8211; Opening session<\/p>\n<ul>\n<li>Organising Committee of INCLUDiT and CiTECA &#8211; Polytechnic University of Leiria<\/li>\n<li>Cl\u00e1udia Pernencar \u2013 Director of the School of Arts and Design, Polytechnic University of Leiria<\/li>\n<li>Jos\u00e9 Carlos Laranjo Marques \u2013 Director of the School of Education and Social Sciences, Polytechnic University of Leiria<\/li>\n<li>Rui Fonseca-Pinto \u2013 Director of the School of Health Sciences, Polytechnic University of Leiria<\/li>\n<li>Ilda Joaquim &#8211; Mayor of Entroncamento<\/li>\n<li>David Ramos &#8211; President of CERE &#8211; Centro de Ensino e Recupera\u00e7\u00e3o do Entroncamento<\/li>\n<\/ul>\n<p><strong>10:15 &#8211; 11:45<\/strong>\u00a0&#8211; <a href=\"https:\/\/includit.ipleiria.pt\/en\/programa-sessoes-paralelas\/\">Parallel sessions<\/a><\/p>\n<p><strong>11:45<\/strong>\u00a0\u2013 Coffee break<\/p>\n<p><strong>12:15 &#8211; 13:00<\/strong> &#8211; Plenary session &#8211; Diogo Martins &#8211; AccessibleEU &#8211; Advisor for Customers with Special Needs at CP &#8211; Comboios de Portugal &#8211; <strong>Towards a more inclusive service<\/strong><\/p>\n<h4><strong>13:00 -14:15 \u2013 Lunch break (free choice of lunch)<\/strong><\/h4>\n<p><strong>14:15 &#8211; 15:30<\/strong>\u00a0&#8211;<a href=\"https:\/\/includit.ipleiria.pt\/en\/programa-sessoes-paralelas\/\"> Parallel sessions<\/a><\/p>\n<p><strong>15:30 &#8211; 16:15 &#8211;<\/strong> Plenary session &#8211; Marisa Carvalho &#8211; Portuguese Catholic University &#8211; <strong>Portraits of diversity and inclusion in Portuguese schools<\/strong><\/p>\n<p><strong>16:30 &#8211; 18:30 &#8211;<\/strong> Visit to the Entroncamento Railway Museum<\/p>\n<p><strong>19:00<\/strong> \u2013 Opening of the Assistive Technology Fair<\/p>\n<ul>\n<li>Exhibition opening &#8211; S\u00f3nia Esperto &#8211; President of the National Institute for Rehabilitation (INR)<\/li>\n<li>Cultural moment with Pedro Dyonysyo<\/li>\n<li>Digna \u2013 Hip Hop School<\/li>\n<li>Cocktail reception<\/li>\n<\/ul>\n<hr \/>\n<h3><strong>October 18 (Saturday) \u2013 Entroncamento Market<\/strong><\/h3>\n<p>09:30 &#8211; 10:30 \u2013\u00a0 Assistive Technology workshops<\/p>\n<p>10:45 &#8211; 12:00 &#8211; Round table<\/p>\n<ul>\n<li>Louren\u00e7o Santos &#8211; Founder of the Effective Inclusion Movement (MIE)<\/li>\n<li>Bruna Lopes \u2013 Children&#8217;s writer, Parental Consultant in Inclusive Education and activist for respect for neurodiversity<\/li>\n<li>Susana Lalanda, psychologist, Centre for Paediatric and Developmental Assessment and Intervention, CAIPeD<\/li>\n<\/ul>\n<p>12:15 \u2013 13:00 \u2013 Espa\u00e7os com Sentido \u2013 MEO Foundation<\/p>\n<p>13:00 \u2013 Closing of the Conference \u2013 Organising Committee \u2013 CERE &amp; IPLeiria<\/p>\n<p>&nbsp;<\/p>\n<h5><a href=\"https:\/\/includit.ipleiria.pt\/en\/programa-sessoes-paralelas\/\"><span style=\"color: #0000ff\"><strong>PARALLEL SESSIONS PROGRAMME<\/strong><\/span><\/a><\/h5>\n<h2><span style=\"color: #2b3990\"><strong>With the institutional\u00a0support<\/strong><\/span><\/h2>\n<p><a href=\"https:\/\/aaate.net\/\"><img loading=\"lazy\" decoding=\"async\" class=\"aligncenter\" src=\"https:\/\/digi-ready.eu\/sites\/default\/files\/inline-images\/aaate-logo_0.png\" alt=\"AAATE LOGO\" width=\"251\" height=\"189\" \/><\/a><\/p>\n<h2><\/h2>\n<p>&nbsp;<\/p>\n<h2><span style=\"color: #2b3990\"><strong>Organization<\/strong><\/span><\/h2>\n<p><a href=\"http:\/\/includit.ipleiria.pt\/files\/2025\/06\/Logos_UO_UI.png\"><img loading=\"lazy\" decoding=\"async\" class=\"aligncenter size-full wp-image-3311\" src=\"http:\/\/includit.ipleiria.pt\/files\/2025\/06\/Logos_UO_UI.png\" alt=\"Banner com log\u00f3tipos das entidades de organiza\u00e7\u00e3o da INCLUDiT e da CITecA. Num fundo branco encontram-se 3 linhas de log\u00f3tipos. Na primeira linha, CiTechCare, CICS.Nova, CIDEI, LiDA, FCT; Na segunda linha, Polit\u00e9cnico de Leiria, Escola Superior de Educa\u00e7\u00e3o e Ci\u00eancias Sociais, Escola Superior de Sa\u00fade, Escola Superior de Artes e Design, aTOPlab; na terceira linha, C\u00e2mara Municipal do Entroncamento, CERE.\" width=\"1289\" height=\"332\" srcset=\"https:\/\/includit.ipleiria.pt\/files\/2025\/06\/Logos_UO_UI.png 1289w, https:\/\/includit.ipleiria.pt\/files\/2025\/06\/Logos_UO_UI-300x77.png 300w, https:\/\/includit.ipleiria.pt\/files\/2025\/06\/Logos_UO_UI-1024x264.png 1024w, https:\/\/includit.ipleiria.pt\/files\/2025\/06\/Logos_UO_UI-768x198.png 768w\" sizes=\"auto, (max-width: 1289px) 100vw, 1289px\" \/><\/a><\/p>","protected":false},"excerpt":{"rendered":"<p>Programme October 17- Cineteatro S\u00e3o Jo\u00e3o 08:30 \u2013 Secretariat opens 09:30 &#8211; Opening session Organising Committee of INCLUDiT and CiTECA &#8211; Polytechnic University of Leiria Cl\u00e1udia Pernencar \u2013 Director of<\/p>\n<div class=\"more-link-container\"> [&hellip;]<\/div>\n<p> <span class=\"more-text\">[+]<\/span><\/p>\n","protected":false},"author":75,"featured_media":0,"parent":0,"menu_order":0,"comment_status":"closed","ping_status":"closed","template":"","meta":{"_monsterinsights_skip_tracking":false,"_monsterinsights_sitenote_active":false,"_monsterinsights_sitenote_note":"","_monsterinsights_sitenote_category":0,"footnotes":""},"class_list":["post-3232","page","type-page","status-publish","hentry"],"_links":{"self":[{"href":"https:\/\/includit.ipleiria.pt\/en\/wp-json\/wp\/v2\/pages\/3232","targetHints":{"allow":["GET"]}}],"collection":[{"href":"https:\/\/includit.ipleiria.pt\/en\/wp-json\/wp\/v2\/pages"}],"about":[{"href":"https:\/\/includit.ipleiria.pt\/en\/wp-json\/wp\/v2\/types\/page"}],"author":[{"embeddable":true,"href":"https:\/\/includit.ipleiria.pt\/en\/wp-json\/wp\/v2\/users\/75"}],"replies":[{"embeddable":true,"href":"https:\/\/includit.ipleiria.pt\/en\/wp-json\/wp\/v2\/comments?post=3232"}],"version-history":[{"count":32,"href":"https:\/\/includit.ipleiria.pt\/en\/wp-json\/wp\/v2\/pages\/3232\/revisions"}],"predecessor-version":[{"id":3532,"href":"https:\/\/includit.ipleiria.pt\/en\/wp-json\/wp\/v2\/pages\/3232\/revisions\/3532"}],"wp:attachment":[{"href":"https:\/\/includit.ipleiria.pt\/en\/wp-json\/wp\/v2\/media?parent=3232"}],"curies":[{"name":"wp","href":"https:\/\/api.w.org\/{rel}","templated":true}]}}