{"id":3236,"date":"2025-05-30T19:49:05","date_gmt":"2025-05-30T18:49:05","guid":{"rendered":"https:\/\/includit.ipleiria.pt\/?page_id=3236"},"modified":"2025-09-10T22:53:27","modified_gmt":"2025-09-10T21:53:27","slug":"submissao","status":"publish","type":"page","link":"https:\/\/includit.ipleiria.pt\/en\/submissao\/","title":{"rendered":"Submission"},"content":{"rendered":"<p><\/p>\n<h1><span style=\"color: #2b3990\"><strong>Guidelines for submitting papers<\/strong><\/span><\/h1>\n<p>The INCLUDiT VIII and CITecA II Conferences will include presentations from the different thematic areas, with plenary sessions with Keynote Speakers, and parallel sessions for paper presentations.<br \/>\nSubmissions will be reviewed by a blind peer review carried out by experts from the Scientific Committee of the events. The evaluation will take into consideration:<\/p>\n<ul>\n<li>the relevance of the work to the themes of the conference<\/li>\n<li>The scientific quality and\/or relevant contributions to the area<\/li>\n<li>Compliance with the standards set by the Organizing Committee<\/li>\n<\/ul>\n<p>The presentation and publication of papers in the proceedings <strong>are conditional upon the registration in INCLUDiT and CITecA of at least one of the authors and the presentation of the paper at the event. The authors of the best papers may be invited to publish in a scientific journal.<\/strong><\/p>\n<p>Each<strong> registered (co-)author may submit and present a maximum of two papers<\/strong>, and the presentation certificate will be issued in the name of the registered author who presents the paper\/s.<\/p>\n<p>Each <strong>proposal should have a maximum of 6 authors.<\/strong><\/p>\n<h2><span style=\"color: #2b3990\"><strong>Extended abstract<\/strong><\/span><\/h2>\n<p>The proposals should be done by submitting an extended abstract which:<\/p>\n<ul>\n<li>should be in a non-editable format (.pdf)<\/li>\n<li>should not have the authors\u2019 names<\/li>\n<li>should have between 5000 to 7000 caracters (with spaces)<\/li>\n<li>should respect the template of the extended abstract<\/li>\n<li>should be send until <span style=\"color: #0000ff\"><strong>September 10 2025<\/strong><\/span><\/li>\n<\/ul>\n<p>Download the <a href=\"http:\/\/includit.ipleiria.pt\/files\/2025\/05\/Abstract-template.docx\">template of the extended abstract.<\/a><\/p>\n<h2><span style=\"color: #2b3990\"><strong>Communication presentation<\/strong><\/span><\/h2>\n<p>Presentations are aimed at presenting scientific research resulting from academic work, projects and experiences. The oral presentation of the communication will last 15 minutes, plus 5 minutes for discussion. Thus, it is important to pay attention when designing the presentation to respect the time limit.<\/p>\n<h2><span style=\"color: #2b3990\"><strong>Submission of proposals<\/strong><\/span><\/h2>\n<p>Abstracts can be submitted via Microsoft&#8217;s CMT platform by clicking on this <a href=\"https:\/\/cmt3.research.microsoft.com\/INCLUDiTCITecA2025\/\">link<\/a> or on the image below.<\/p>\n<div id=\"attachment_3328\" style=\"width: 206px\" class=\"wp-caption alignnone\"><a href=\"https:\/\/cmt3.research.microsoft.com\/INCLUDiTCITecA2025\/\"><img loading=\"lazy\" decoding=\"async\" aria-describedby=\"caption-attachment-3328\" class=\"size-medium wp-image-3328\" src=\"http:\/\/includit.ipleiria.pt\/files\/2025\/06\/Submission-platform-1-196x300.png\" alt=\"Submission platform\" width=\"196\" height=\"300\" srcset=\"https:\/\/includit.ipleiria.pt\/files\/2025\/06\/Submission-platform-1-196x300.png 196w, https:\/\/includit.ipleiria.pt\/files\/2025\/06\/Submission-platform-1.png 403w\" sizes=\"auto, (max-width: 196px) 100vw, 196px\" \/><\/a><p id=\"caption-attachment-3328\" class=\"wp-caption-text\">Access Submission platform<\/p><\/div>\n<h2><span style=\"color: #2b3990\"><strong>Scientific paper to publish in book or journal<\/strong><\/span><\/h2>\n<p>Selected abstracts may be invited to extend and publicise their work in INCLUDIT and CiTECA partner journals.<\/p>\n<p>This year we are partnering with the following journals:<\/p>\n<div id=\"p4\" style=\"text-align: left\">\n<div id=\"p4\">\n<h3><strong>Indagatio Didactica<\/strong><\/h3>\n<p><strong><a href=\"https:\/\/arquivo.pt\/wayback\/20240810024211mp_\/https:\/\/proa.ua.pt\/index.php\/id\">https:\/\/proa.ua.pt\/index.php\/id<\/a><\/strong><\/p>\n<p><a href=\"https:\/\/arquivo.pt\/wayback\/20240810024211mp_\/https:\/\/proa.ua.pt\/index.php\/id\"><img loading=\"lazy\" decoding=\"async\" class=\"alignnone\" src=\"https:\/\/arquivo.pt\/wayback\/20240810024211im_\/https:\/\/proa.ua.pt\/public\/journals\/101\/pageHeaderLogoImage_pt_PT.jpg\" alt=\"Logotipo da Revista Indagatio Didactica\" width=\"521\" height=\"139\" \/><\/a><\/p>\n<hr \/>\n<\/div>\n<\/div>\n<h3 style=\"text-align: left\"><strong>Portuguese Journal of Occupational Therapy (soon online)<\/strong><\/h3>\n<p style=\"text-align: left\"><strong><a href=\"https:\/\/arquivo.pt\/wayback\/20240810024211mp_\/https:\/\/rpto.ipleiria.pt\/rpto\">https:\/\/rpto.ipleiria.pt\/rpto<\/a><\/strong><\/p>\n<div id=\"p4\" style=\"text-align: left\">\n<div id=\"p4\">\n<p><a href=\"https:\/\/arquivo.pt\/wayback\/20240810024211mp_\/https:\/\/rpto.ipleiria.pt\/rpto\"><img loading=\"lazy\" decoding=\"async\" class=\"alignnone\" src=\"https:\/\/arquivo.pt\/wayback\/20240810024211im_\/https:\/\/rpto.ipleiria.pt\/public\/journals\/1\/homepageImage_pt_PT.png\" alt=\"Logotipo da Revista Portuguesa de Terapia Ocupacional\" width=\"522\" height=\"192\" \/><\/a><\/p>\n<\/div>\n<hr \/>\n<p><strong style=\"color: #231f20;font-size: 1.8em\">Interac\u00e7\u00f5es<\/strong><\/p>\n<\/div>\n<p style=\"text-align: left\"><strong><a href=\"https:\/\/revistas.rcaap.pt\/interaccoes\/\">https:\/\/revistas.rcaap.pt\/interaccoes\/<\/a><\/strong><\/p>\n<p style=\"text-align: left\"><a href=\"https:\/\/revistas.rcaap.pt\/interaccoes\/\"><img loading=\"lazy\" decoding=\"async\" class=\"alignnone wp-image-3333 \" src=\"http:\/\/includit.ipleiria.pt\/files\/2025\/06\/Captura-de-ecra-2025-06-25-110628.png\" alt=\"Banner Interac\u00e7\u00f5es\" width=\"534\" height=\"126\" srcset=\"https:\/\/includit.ipleiria.pt\/files\/2025\/06\/Captura-de-ecra-2025-06-25-110628.png 674w, https:\/\/includit.ipleiria.pt\/files\/2025\/06\/Captura-de-ecra-2025-06-25-110628-300x71.png 300w\" sizes=\"auto, (max-width: 534px) 100vw, 534px\" \/><\/a><\/p>\n<hr \/>\n<h2 style=\"text-align: left\"><strong>Educa\u00e7\u00e3o, Forma\u00e7\u00e3o &amp; Tecnologias<\/strong><\/h2>\n<p style=\"text-align: left\"><a href=\"https:\/\/eft.educom.pt\/index.php\/eft\">https:\/\/eft.educom.pt\/index.php\/eft<\/a><\/p>\n<p style=\"text-align: left\"><a href=\"https:\/\/eft.educom.pt\/index.php\/eft\"><img loading=\"lazy\" decoding=\"async\" class=\"alignnone size-full wp-image-3335\" src=\"http:\/\/includit.ipleiria.pt\/files\/2025\/06\/Captura-de-ecra-2025-06-25-145403.png\" alt=\"Banner EFT\" width=\"807\" height=\"98\" srcset=\"https:\/\/includit.ipleiria.pt\/files\/2025\/06\/Captura-de-ecra-2025-06-25-145403.png 807w, https:\/\/includit.ipleiria.pt\/files\/2025\/06\/Captura-de-ecra-2025-06-25-145403-300x36.png 300w, https:\/\/includit.ipleiria.pt\/files\/2025\/06\/Captura-de-ecra-2025-06-25-145403-768x93.png 768w\" sizes=\"auto, (max-width: 807px) 100vw, 807px\" \/><\/a><\/p>\n<hr \/>\n<h2 style=\"text-align: left\"><strong>Journal of Digital Media &amp; Interaction<\/strong><\/h2>\n<p style=\"text-align: left\"><a href=\"https:\/\/proa.ua.pt\/index.php\/jdmi\/about\">https:\/\/proa.ua.pt\/index.php\/jdmi\/about<\/a><\/p>\n<p style=\"text-align: left\"><a href=\"http:\/\/includit.ipleiria.pt\/files\/2025\/06\/Captura-de-ecra-2025-06-25-150614.png\"><img loading=\"lazy\" decoding=\"async\" class=\"alignnone wp-image-3336\" src=\"http:\/\/includit.ipleiria.pt\/files\/2025\/06\/Captura-de-ecra-2025-06-25-150614.png\" alt=\"Banner - Journal of Digital Media &amp; Interaction \" width=\"539\" height=\"110\" srcset=\"https:\/\/includit.ipleiria.pt\/files\/2025\/06\/Captura-de-ecra-2025-06-25-150614.png 711w, https:\/\/includit.ipleiria.pt\/files\/2025\/06\/Captura-de-ecra-2025-06-25-150614-300x61.png 300w\" sizes=\"auto, (max-width: 539px) 100vw, 539px\" \/><\/a><\/p>\n<hr \/>\n<h2 style=\"text-align: left\"><strong>Conhecimento Online<\/strong><\/h2>\n<p style=\"text-align: left\"><a href=\"https:\/\/periodicos.feevale.br\/seer\/index.php\/revistaconhecimentoonline\/index\">https:\/\/periodicos.feevale.br\/seer\/index.php\/revistaconhecimentoonline\/index<\/a><\/p>\n<p style=\"text-align: left\"><a href=\"https:\/\/periodicos.feevale.br\/seer\/index.php\/revistaconhecimentoonline\/index\"><img loading=\"lazy\" decoding=\"async\" class=\"size-full wp-image-3337 alignnone\" src=\"http:\/\/includit.ipleiria.pt\/files\/2025\/06\/Captura-de-ecra-2025-06-25-151417.png\" alt=\"Banner Conhecimento Online\" width=\"547\" height=\"93\" srcset=\"https:\/\/includit.ipleiria.pt\/files\/2025\/06\/Captura-de-ecra-2025-06-25-151417.png 547w, https:\/\/includit.ipleiria.pt\/files\/2025\/06\/Captura-de-ecra-2025-06-25-151417-300x51.png 300w\" sizes=\"auto, (max-width: 547px) 100vw, 547px\" \/><\/a><\/p>\n<hr \/>\n<h4><\/h4>\n<h4><span style=\"color: #0000ff\"><strong>Dates will be disclosure after the event, considering the publication in 2026.<\/strong><\/span><\/h4>\n<p>&nbsp;<\/p>\n<p>The\u00a0<a href=\"https:\/\/cmt3.research.microsoft.com\/\">Microsoft CMT service<\/a>\u00a0was used for managing the peer-reviewing process for this conference. This service was provided for free by Microsoft and they bore all expenses, including costs for Azure cloud services as well as for software development and support.<\/p>\n<h2><span style=\"color: #2b3990\"><strong>Organization<\/strong><\/span><\/h2>\n<p><a href=\"http:\/\/includit.ipleiria.pt\/files\/2025\/06\/Logos_UO_UI.png\"><img loading=\"lazy\" decoding=\"async\" class=\"aligncenter size-full wp-image-3311\" src=\"http:\/\/includit.ipleiria.pt\/files\/2025\/06\/Logos_UO_UI.png\" alt=\"Banner com log\u00f3tipos das entidades de organiza\u00e7\u00e3o da INCLUDiT e da CITecA. Num fundo branco encontram-se 3 linhas de log\u00f3tipos. Na primeira linha, CiTechCare, CICS.Nova, CIDEI, LiDA, FCT; Na segunda linha, Polit\u00e9cnico de Leiria, Escola Superior de Educa\u00e7\u00e3o e Ci\u00eancias Sociais, Escola Superior de Sa\u00fade, Escola Superior de Artes e Design, aTOPlab; na terceira linha, C\u00e2mara Municipal do Entroncamento, CERE.\" width=\"1289\" height=\"332\" srcset=\"https:\/\/includit.ipleiria.pt\/files\/2025\/06\/Logos_UO_UI.png 1289w, https:\/\/includit.ipleiria.pt\/files\/2025\/06\/Logos_UO_UI-300x77.png 300w, https:\/\/includit.ipleiria.pt\/files\/2025\/06\/Logos_UO_UI-1024x264.png 1024w, https:\/\/includit.ipleiria.pt\/files\/2025\/06\/Logos_UO_UI-768x198.png 768w\" sizes=\"auto, (max-width: 1289px) 100vw, 1289px\" \/><\/a><\/p>","protected":false},"excerpt":{"rendered":"<p>Guidelines for submitting papers The INCLUDiT VIII and CITecA II Conferences will include presentations from the different thematic areas, with plenary sessions with Keynote Speakers, and parallel sessions for paper<\/p>\n<div class=\"more-link-container\"> [&hellip;]<\/div>\n<p> <span class=\"more-text\">[+]<\/span><\/p>\n","protected":false},"author":75,"featured_media":0,"parent":0,"menu_order":0,"comment_status":"closed","ping_status":"closed","template":"","meta":{"_monsterinsights_skip_tracking":false,"_monsterinsights_sitenote_active":false,"_monsterinsights_sitenote_note":"","_monsterinsights_sitenote_category":0,"footnotes":""},"class_list":["post-3236","page","type-page","status-publish","hentry"],"_links":{"self":[{"href":"https:\/\/includit.ipleiria.pt\/en\/wp-json\/wp\/v2\/pages\/3236","targetHints":{"allow":["GET"]}}],"collection":[{"href":"https:\/\/includit.ipleiria.pt\/en\/wp-json\/wp\/v2\/pages"}],"about":[{"href":"https:\/\/includit.ipleiria.pt\/en\/wp-json\/wp\/v2\/types\/page"}],"author":[{"embeddable":true,"href":"https:\/\/includit.ipleiria.pt\/en\/wp-json\/wp\/v2\/users\/75"}],"replies":[{"embeddable":true,"href":"https:\/\/includit.ipleiria.pt\/en\/wp-json\/wp\/v2\/comments?post=3236"}],"version-history":[{"count":31,"href":"https:\/\/includit.ipleiria.pt\/en\/wp-json\/wp\/v2\/pages\/3236\/revisions"}],"predecessor-version":[{"id":3365,"href":"https:\/\/includit.ipleiria.pt\/en\/wp-json\/wp\/v2\/pages\/3236\/revisions\/3365"}],"wp:attachment":[{"href":"https:\/\/includit.ipleiria.pt\/en\/wp-json\/wp\/v2\/media?parent=3236"}],"curies":[{"name":"wp","href":"https:\/\/api.w.org\/{rel}","templated":true}]}}