{"id":3261,"date":"2025-06-02T09:47:12","date_gmt":"2025-06-02T08:47:12","guid":{"rendered":"https:\/\/includit.ipleiria.pt\/?page_id=3261"},"modified":"2025-06-25T18:18:17","modified_gmt":"2025-06-25T17:18:17","slug":"contactos","status":"publish","type":"page","link":"https:\/\/includit.ipleiria.pt\/en\/contactos\/","title":{"rendered":"Information"},"content":{"rendered":"<p><\/p>\n<h1><span style=\"color: #2b3990\"><strong>Useful information<\/strong><\/span><\/h1>\n<h2><span style=\"color: #2b3990\"><strong>Event Location<\/strong><\/span><\/h2>\n<p><strong>Conferences | Cineteatro S\u00e3o Jo\u00e3o<\/strong><\/p>\n<p>R. Dom Nuno \u00c1lvares Pereira 18-20, 2330-141 Entroncamento<\/p>\n<p><strong>Exhibition | Mercado Municipal do Entroncamento<\/strong><\/p>\n<p>R. Ant\u00f3nio Lucas, 2330-101 Entroncamento<\/p>\n<h2><span style=\"color: #2b3990\"><strong>Contacts<\/strong><\/span><\/h2>\n<p><strong>E-mail:<\/strong> <a href=\"mailto:includit@ipleiria.pt\">includit@ipleiria.pt<\/a><\/p>\n<p><strong>Escola Superior de Sa\u00fade<\/strong> | Tel: (+351) 244 845 300<\/p>\n<p><strong>Escola Superior de Educa\u00e7\u00e3o e Ci\u00eancias Sociais | <\/strong>Tel: (+351) 244 829400<\/p>\n<p><strong>Escola Superior de Artes e Design<\/strong> | Tel: (+351) 262830900<\/p>\n<h2><span style=\"color: #2b3990\"><strong>Organization<\/strong><\/span><\/h2>\n<p><a href=\"http:\/\/includit.ipleiria.pt\/files\/2025\/06\/Logos_UO_UI.png\"><img loading=\"lazy\" decoding=\"async\" class=\"aligncenter size-full wp-image-3311\" src=\"http:\/\/includit.ipleiria.pt\/files\/2025\/06\/Logos_UO_UI.png\" alt=\"Banner com log\u00f3tipos das entidades de organiza\u00e7\u00e3o da INCLUDiT e da CITecA. Num fundo branco encontram-se 3 linhas de log\u00f3tipos. Na primeira linha, CiTechCare, CICS.Nova, CIDEI, LiDA, FCT; Na segunda linha, Polit\u00e9cnico de Leiria, Escola Superior de Educa\u00e7\u00e3o e Ci\u00eancias Sociais, Escola Superior de Sa\u00fade, Escola Superior de Artes e Design, aTOPlab; na terceira linha, C\u00e2mara Municipal do Entroncamento, CERE.\" width=\"1289\" height=\"332\" srcset=\"https:\/\/includit.ipleiria.pt\/files\/2025\/06\/Logos_UO_UI.png 1289w, https:\/\/includit.ipleiria.pt\/files\/2025\/06\/Logos_UO_UI-300x77.png 300w, https:\/\/includit.ipleiria.pt\/files\/2025\/06\/Logos_UO_UI-1024x264.png 1024w, https:\/\/includit.ipleiria.pt\/files\/2025\/06\/Logos_UO_UI-768x198.png 768w\" sizes=\"auto, (max-width: 1289px) 100vw, 1289px\" \/><\/a><\/p>","protected":false},"excerpt":{"rendered":"<p>Useful information Event Location Conferences | Cineteatro S\u00e3o Jo\u00e3o R. Dom Nuno \u00c1lvares Pereira 18-20, 2330-141 Entroncamento Exhibition | Mercado Municipal do Entroncamento R. Ant\u00f3nio Lucas, 2330-101 Entroncamento Contacts E-mail:<\/p>\n<div class=\"more-link-container\"> [&hellip;]<\/div>\n<p> <span class=\"more-text\">[+]<\/span><\/p>\n","protected":false},"author":75,"featured_media":0,"parent":0,"menu_order":0,"comment_status":"closed","ping_status":"closed","template":"","meta":{"_monsterinsights_skip_tracking":false,"_monsterinsights_sitenote_active":false,"_monsterinsights_sitenote_note":"","_monsterinsights_sitenote_category":0,"footnotes":""},"class_list":["post-3261","page","type-page","status-publish","hentry"],"_links":{"self":[{"href":"https:\/\/includit.ipleiria.pt\/en\/wp-json\/wp\/v2\/pages\/3261","targetHints":{"allow":["GET"]}}],"collection":[{"href":"https:\/\/includit.ipleiria.pt\/en\/wp-json\/wp\/v2\/pages"}],"about":[{"href":"https:\/\/includit.ipleiria.pt\/en\/wp-json\/wp\/v2\/types\/page"}],"author":[{"embeddable":true,"href":"https:\/\/includit.ipleiria.pt\/en\/wp-json\/wp\/v2\/users\/75"}],"replies":[{"embeddable":true,"href":"https:\/\/includit.ipleiria.pt\/en\/wp-json\/wp\/v2\/comments?post=3261"}],"version-history":[{"count":6,"href":"https:\/\/includit.ipleiria.pt\/en\/wp-json\/wp\/v2\/pages\/3261\/revisions"}],"predecessor-version":[{"id":3359,"href":"https:\/\/includit.ipleiria.pt\/en\/wp-json\/wp\/v2\/pages\/3261\/revisions\/3359"}],"wp:attachment":[{"href":"https:\/\/includit.ipleiria.pt\/en\/wp-json\/wp\/v2\/media?parent=3261"}],"curies":[{"name":"wp","href":"https:\/\/api.w.org\/{rel}","templated":true}]}}