{"id":3265,"date":"2025-06-02T10:28:52","date_gmt":"2025-06-02T09:28:52","guid":{"rendered":"https:\/\/includit.ipleiria.pt\/?page_id=3265"},"modified":"2025-06-09T18:01:15","modified_gmt":"2025-06-09T17:01:15","slug":"publicacoes","status":"publish","type":"page","link":"https:\/\/includit.ipleiria.pt\/en\/publicacoes\/","title":{"rendered":"Publications"},"content":{"rendered":"<p><\/p>\n<h1><span style=\"color: #2b3990\"><strong>Publications of previous events<\/strong><\/span><\/h1>\n<h2><span style=\"color: #2b3990\"><strong>Scientific journals<\/strong><\/span><\/h2>\n<ul>\n<li><a href=\"https:\/\/proa.ua.pt\/index.php\/id\/issue\/view\/1210\"><strong>Indagatio Didactica<\/strong>, 16(1), 2024<\/a><\/li>\n<li><a href=\"https:\/\/proa.ua.pt\/index.php\/id\/issue\/view\/811\"><strong>Indagatio Didactica<\/strong>, 13(2), 2021<\/a><\/li>\n<li><a href=\"https:\/\/periodicoseletronicos.ufma.br\/index.php\/ricultsociedade\/issue\/view\/748\"><strong>Revista Interdisciplinar em Cultura e Sociedade<\/strong>, 7(1), 2021<\/a><\/li>\n<\/ul>\n<h2><span style=\"color: #2b3990\"><strong>Books<\/strong><\/span><\/h2>\n<ul>\n<li><a href=\"http:\/\/hdl.handle.net\/10400.8\/13008\"><strong>Valorizar a diversidade: inclus\u00e3o que une, tecnologia que transforma, 2025<\/strong><\/a><\/li>\n<li><a href=\"https:\/\/iconline.ipleiria.pt\/handle\/10400.8\/6454\"><strong>Caminhos para uma sociedade mais inclusiva<\/strong><\/a>, 2021<\/li>\n<li><a href=\"https:\/\/iconline.ipleiria.pt\/handle\/10400.8\/6455\"><strong>Percursos para uma educa\u00e7\u00e3o inclusiva<\/strong><\/a>, 2021<\/li>\n<\/ul>\n<h2><span style=\"color: #2b3990\"><strong>Proceedings<\/strong><\/span><\/h2>\n<ul>\n<li><a href=\"https:\/\/iconline.ipleiria.pt\/entities\/publication\/7e70ed54-063e-4d7b-8d31-a6982af05c0e\"><strong>INCLUDiT VII e CTecA I<\/strong>, 2023<\/a><\/li>\n<li><strong><a href=\"https:\/\/iconline.ipleiria.pt\/handle\/10400.8\/5671\">INCLUDiT VI<\/a><\/strong>, 2020<\/li>\n<li><strong><a href=\"http:\/\/hdl.handle.net\/10400.8\/4544\">INCLUDiT V<\/a><\/strong>, 2018<\/li>\n<li><a href=\"https:\/\/iconline.ipleiria.pt\/handle\/10400.8\/2590\"><strong>INCLUDiT IV<\/strong><\/a>, 2016<\/li>\n<li><strong><a href=\"https:\/\/iconline.ipleiria.pt\/handle\/10400.8\/1601\">INCLUDiT III<\/a><\/strong>, 2015<\/li>\n<\/ul>\n<h2><span style=\"color: #2b3990\"><strong>Organization<\/strong><\/span><\/h2>\n<p><a href=\"http:\/\/includit.ipleiria.pt\/files\/2025\/06\/Logos_UO_UI.png\"><img loading=\"lazy\" decoding=\"async\" class=\"aligncenter size-full wp-image-3311\" src=\"http:\/\/includit.ipleiria.pt\/files\/2025\/06\/Logos_UO_UI.png\" alt=\"Banner com log\u00f3tipos das entidades de organiza\u00e7\u00e3o da INCLUDiT e da CITecA. Num fundo branco encontram-se 3 linhas de log\u00f3tipos. Na primeira linha, CiTechCare, CICS.Nova, CIDEI, LiDA, FCT; Na segunda linha, Polit\u00e9cnico de Leiria, Escola Superior de Educa\u00e7\u00e3o e Ci\u00eancias Sociais, Escola Superior de Sa\u00fade, Escola Superior de Artes e Design, aTOPlab; na terceira linha, C\u00e2mara Municipal do Entroncamento, CERE.\" width=\"1289\" height=\"332\" srcset=\"https:\/\/includit.ipleiria.pt\/files\/2025\/06\/Logos_UO_UI.png 1289w, https:\/\/includit.ipleiria.pt\/files\/2025\/06\/Logos_UO_UI-300x77.png 300w, https:\/\/includit.ipleiria.pt\/files\/2025\/06\/Logos_UO_UI-1024x264.png 1024w, https:\/\/includit.ipleiria.pt\/files\/2025\/06\/Logos_UO_UI-768x198.png 768w\" sizes=\"auto, (max-width: 1289px) 100vw, 1289px\" \/><\/a><\/p>","protected":false},"excerpt":{"rendered":"<p>Publications of previous events Scientific journals Indagatio Didactica, 16(1), 2024 Indagatio Didactica, 13(2), 2021 Revista Interdisciplinar em Cultura e Sociedade, 7(1), 2021 Books Valorizar a diversidade: inclus\u00e3o que une, tecnologia<\/p>\n<div class=\"more-link-container\"> [&hellip;]<\/div>\n<p> <span class=\"more-text\">[+]<\/span><\/p>\n","protected":false},"author":75,"featured_media":0,"parent":0,"menu_order":0,"comment_status":"closed","ping_status":"closed","template":"","meta":{"_monsterinsights_skip_tracking":false,"_monsterinsights_sitenote_active":false,"_monsterinsights_sitenote_note":"","_monsterinsights_sitenote_category":0,"footnotes":""},"class_list":["post-3265","page","type-page","status-publish","hentry"],"_links":{"self":[{"href":"https:\/\/includit.ipleiria.pt\/en\/wp-json\/wp\/v2\/pages\/3265","targetHints":{"allow":["GET"]}}],"collection":[{"href":"https:\/\/includit.ipleiria.pt\/en\/wp-json\/wp\/v2\/pages"}],"about":[{"href":"https:\/\/includit.ipleiria.pt\/en\/wp-json\/wp\/v2\/types\/page"}],"author":[{"embeddable":true,"href":"https:\/\/includit.ipleiria.pt\/en\/wp-json\/wp\/v2\/users\/75"}],"replies":[{"embeddable":true,"href":"https:\/\/includit.ipleiria.pt\/en\/wp-json\/wp\/v2\/comments?post=3265"}],"version-history":[{"count":5,"href":"https:\/\/includit.ipleiria.pt\/en\/wp-json\/wp\/v2\/pages\/3265\/revisions"}],"predecessor-version":[{"id":3321,"href":"https:\/\/includit.ipleiria.pt\/en\/wp-json\/wp\/v2\/pages\/3265\/revisions\/3321"}],"wp:attachment":[{"href":"https:\/\/includit.ipleiria.pt\/en\/wp-json\/wp\/v2\/media?parent=3265"}],"curies":[{"name":"wp","href":"https:\/\/api.w.org\/{rel}","templated":true}]}}