{"id":3391,"date":"2025-09-26T11:48:24","date_gmt":"2025-09-26T10:48:24","guid":{"rendered":"https:\/\/includit.ipleiria.pt\/?page_id=3391"},"modified":"2025-10-07T15:44:26","modified_gmt":"2025-10-07T14:44:26","slug":"formacao-continua","status":"publish","type":"page","link":"https:\/\/includit.ipleiria.pt\/en\/formacao-continua\/","title":{"rendered":"(Portugu\u00eas) Forma\u00e7\u00e3o Cont\u00ednua"},"content":{"rendered":"<p><\/p>\n<h1 style=\"font-weight: 400\"><strong><span style=\"color: #2b3990\">Continuing Education for Potugueses Teachers and Educators<\/span><\/strong><\/h1>\n<p>Although all participants can attend to all activities during friday and saturday, the creditation for training modality is not aplicable to international participants.<\/p>\n<p>Free (only for teachers and upon registration)<\/p>","protected":false},"excerpt":{"rendered":"<p>Continuing Education for Potugueses Teachers and Educators Although all participants can attend to all activities during friday and saturday, the creditation for training modality is not aplicable to international participants.<\/p>\n<div class=\"more-link-container\"> [&hellip;]<\/div>\n<p> <span class=\"more-text\">[+]<\/span><\/p>\n","protected":false},"author":75,"featured_media":0,"parent":0,"menu_order":0,"comment_status":"closed","ping_status":"closed","template":"","meta":{"_monsterinsights_skip_tracking":false,"_monsterinsights_sitenote_active":false,"_monsterinsights_sitenote_note":"","_monsterinsights_sitenote_category":0,"footnotes":""},"class_list":["post-3391","page","type-page","status-publish","hentry"],"_links":{"self":[{"href":"https:\/\/includit.ipleiria.pt\/en\/wp-json\/wp\/v2\/pages\/3391","targetHints":{"allow":["GET"]}}],"collection":[{"href":"https:\/\/includit.ipleiria.pt\/en\/wp-json\/wp\/v2\/pages"}],"about":[{"href":"https:\/\/includit.ipleiria.pt\/en\/wp-json\/wp\/v2\/types\/page"}],"author":[{"embeddable":true,"href":"https:\/\/includit.ipleiria.pt\/en\/wp-json\/wp\/v2\/users\/75"}],"replies":[{"embeddable":true,"href":"https:\/\/includit.ipleiria.pt\/en\/wp-json\/wp\/v2\/comments?post=3391"}],"version-history":[{"count":6,"href":"https:\/\/includit.ipleiria.pt\/en\/wp-json\/wp\/v2\/pages\/3391\/revisions"}],"predecessor-version":[{"id":3492,"href":"https:\/\/includit.ipleiria.pt\/en\/wp-json\/wp\/v2\/pages\/3391\/revisions\/3492"}],"wp:attachment":[{"href":"https:\/\/includit.ipleiria.pt\/en\/wp-json\/wp\/v2\/media?parent=3391"}],"curies":[{"name":"wp","href":"https:\/\/api.w.org\/{rel}","templated":true}]}}