{"id":740,"date":"2015-03-18T23:33:22","date_gmt":"2015-03-18T23:33:22","guid":{"rendered":"http:\/\/includit.ipleiria.pt\/?page_id=740"},"modified":"2025-10-10T16:28:04","modified_gmt":"2025-10-10T15:28:04","slug":"apresentacao","status":"publish","type":"page","link":"https:\/\/includit.ipleiria.pt\/en\/","title":{"rendered":"Homepage"},"content":{"rendered":"<p><\/p>\n<h1><span style=\"color: #2b3990\"><strong><a href=\"http:\/\/includit.ipleiria.pt\/files\/2025\/06\/en_CITECA.jpeg\"><img loading=\"lazy\" decoding=\"async\" class=\"wp-image-3269 size-medium alignleft\" src=\"http:\/\/includit.ipleiria.pt\/files\/2025\/06\/en_CITECA-300x147.jpeg\" alt=\"CITECA logo with the words \u2018International Conference on Assistive Technologies and Accessibility\u2019 in blue. Above, with a red outline, the illustration of a hand, an eye, an ear and a brain.\" width=\"300\" height=\"147\" srcset=\"https:\/\/includit.ipleiria.pt\/files\/2025\/06\/en_CITECA-300x147.jpeg 300w, https:\/\/includit.ipleiria.pt\/files\/2025\/06\/en_CITECA-1024x502.jpeg 1024w, https:\/\/includit.ipleiria.pt\/files\/2025\/06\/en_CITECA-768x376.jpeg 768w, https:\/\/includit.ipleiria.pt\/files\/2025\/06\/en_CITECA.jpeg 1280w\" sizes=\"auto, (max-width: 300px) 100vw, 300px\" \/><\/a>INCLUDiT &#8211; VIII International Conference for Inclusion and CITecA<\/strong><strong> &#8211; I<\/strong><strong>I International Conference on Assistive Technology and Accessibility<\/strong><\/span><\/h1>\n<h2><span style=\"color: #2b3990\"><strong>October, 17-18, 2025, Entroncamento<\/strong><\/span><\/h2>\n<p>The community is invited to participate in the INCLUDiT &#8211; VIII International Conference for Inclusion and in the CITecA &#8211; II International Conference on Assistive Technology and Accessibility, which will take place <strong>in person<\/strong>, with some parallel sessions <strong>online<\/strong>, on <strong>17-18 October 2025<\/strong> at <strong>Cineteatro S\u00e3o Jo\u00e3o and Mercado do Entroncamento<\/strong>, Portugal.<\/p>\n<p>The event aims to foster dialogue, sharing, and scientific dissemination of research, as well as good practices and experiences in the areas of <strong>inclusion, accessibility, and assistive technologies<\/strong>, in a multidisciplinary logic. Hence, the INCLUDiT VIII and CITecA II programme includes:<\/p>\n<ul>\n<li>plenary and parallel sessions, to present academic-scientific research<\/li>\n<li>workshops about assistive technologies, to show solutions available in the market<\/li>\n<li>cultural activities, to share city cultural offer<\/li>\n<\/ul>\n<p>The abstracts will be published in a book of proceedings with ISBN, and the full version of the papers presented at the conference may be published in a book with ISBN, after a double blind review. The authors of the best papers may be invited to extend their texts with a view to publication in a scientific journal.<\/p>\n<h2><span style=\"color: #2b3990\"><strong>Thematic Areas<\/strong><\/span><\/h2>\n<p>Inclusive education | Information and communication technologies for inclusion | Inclusion for the arts and culture | Accessible Communication | Health and well-being for ALL | Heritage and accessible tourism | Assistive technologies | Among others that focus on the theme of inclusion.<\/p>\n<h2><span style=\"color: #2b3990\"><strong>Important dates<\/strong><\/span><\/h2>\n<ul>\n<li>Submission of extended abstract \u2013 <del>until July 28, 2025<\/del> <span style=\"color: #008000\"><strong>until September 10th, 2025<\/strong><\/span><\/li>\n<li>Notification to authors &#8211; <del>until September 19th, 2025<\/del> <span style=\"color: #008000\"><strong>until September 26th, 2025<\/strong><\/span><\/li>\n<li>Submission of final abstract &#8211; <del>until September 30th, 2025<\/del> <span style=\"color: #008000\"><strong>until October 3rd, 2025<\/strong><\/span><\/li>\n<li>Registration of at least one author per abstract \u2013 <del>until September 30th, 2025<\/del> <span style=\"color: #008000\"><strong>until October 3rd, 2025<\/strong><\/span><\/li>\n<li>Registration of participants without paper \u2013 <del>until September 30th, 2025<\/del> <span style=\"color: #008000\"><strong>until October 16th, 2025<\/strong><\/span><\/li>\n<\/ul>\n<p>Submission of the full paper to publish in book ou scientific journal \u2013 dates will be disclosure after the event.<\/p>\n<p>&nbsp;<\/p>\n<p><strong>Note:<\/strong> At least one of the authors of the accepted abstract must register by September 30, to guarantee the presentation of the paper and its inclusion in the Conference proceedings.<\/p>\n<p><strong>Each (co-)author registered may submit and present a maximum of two papers, and the presentation certificate will be issued in the name of the registered author who presents the work\/s.<\/strong><\/p>\n<p><strong>Each proposal should have a maximum of 6 authors.<\/strong><\/p>\n<h2><span style=\"color: #2b3990\"><strong>Working languages<\/strong><\/span><\/h2>\n<p>Portuguese, English, Spanish, LGP (Portuguese Sign Language).<\/p>\n<p>If you need an interpreter of LGP, please inform the Conference Organization by email (<a href=\"mailto:includit@ipleiria.pt\">includit@ipleiria.pt<\/a>).<\/p>\n<h2><span style=\"color: #2b3990\"><strong>With the institutional\u00a0support<\/strong><\/span><\/h2>\n<p><a href=\"https:\/\/aaate.net\/\"><img loading=\"lazy\" decoding=\"async\" class=\"aligncenter\" src=\"https:\/\/digi-ready.eu\/sites\/default\/files\/inline-images\/aaate-logo_0.png\" alt=\"AAATE LOGO\" width=\"251\" height=\"189\" \/><\/a><\/p>\n<h2><\/h2>\n<h2><span style=\"color: #2b3990\"><strong>Organization<\/strong><\/span><\/h2>\n<p><a href=\"http:\/\/includit.ipleiria.pt\/files\/2025\/06\/Logos_UO_UI.png\"><img loading=\"lazy\" decoding=\"async\" class=\"aligncenter size-full wp-image-3311\" src=\"http:\/\/includit.ipleiria.pt\/files\/2025\/06\/Logos_UO_UI.png\" alt=\"Banner com log\u00f3tipos das entidades de organiza\u00e7\u00e3o da INCLUDiT e da CITecA. Num fundo branco encontram-se 3 linhas de log\u00f3tipos. Na primeira linha, CiTechCare, CICS.Nova, CIDEI, LiDA, FCT; Na segunda linha, Polit\u00e9cnico de Leiria, Escola Superior de Educa\u00e7\u00e3o e Ci\u00eancias Sociais, Escola Superior de Sa\u00fade, Escola Superior de Artes e Design, aTOPlab; na terceira linha, C\u00e2mara Municipal do Entroncamento, CERE.\" width=\"1289\" height=\"332\" srcset=\"https:\/\/includit.ipleiria.pt\/files\/2025\/06\/Logos_UO_UI.png 1289w, https:\/\/includit.ipleiria.pt\/files\/2025\/06\/Logos_UO_UI-300x77.png 300w, https:\/\/includit.ipleiria.pt\/files\/2025\/06\/Logos_UO_UI-1024x264.png 1024w, https:\/\/includit.ipleiria.pt\/files\/2025\/06\/Logos_UO_UI-768x198.png 768w\" sizes=\"auto, (max-width: 1289px) 100vw, 1289px\" \/><\/a><\/p>","protected":false},"excerpt":{"rendered":"<p>INCLUDiT &#8211; VIII International Conference for Inclusion and CITecA &#8211; II International Conference on Assistive Technology and Accessibility October, 17-18, 2025, Entroncamento The community is invited to participate in the<\/p>\n<div class=\"more-link-container\"> [&hellip;]<\/div>\n<p> <span class=\"more-text\">[+]<\/span><\/p>\n","protected":false},"author":75,"featured_media":0,"parent":0,"menu_order":0,"comment_status":"closed","ping_status":"closed","template":"","meta":{"_monsterinsights_skip_tracking":false,"_monsterinsights_sitenote_active":false,"_monsterinsights_sitenote_note":"","_monsterinsights_sitenote_category":0,"footnotes":""},"class_list":["post-740","page","type-page","status-publish","hentry"],"_links":{"self":[{"href":"https:\/\/includit.ipleiria.pt\/en\/wp-json\/wp\/v2\/pages\/740","targetHints":{"allow":["GET"]}}],"collection":[{"href":"https:\/\/includit.ipleiria.pt\/en\/wp-json\/wp\/v2\/pages"}],"about":[{"href":"https:\/\/includit.ipleiria.pt\/en\/wp-json\/wp\/v2\/types\/page"}],"author":[{"embeddable":true,"href":"https:\/\/includit.ipleiria.pt\/en\/wp-json\/wp\/v2\/users\/75"}],"replies":[{"embeddable":true,"href":"https:\/\/includit.ipleiria.pt\/en\/wp-json\/wp\/v2\/comments?post=740"}],"version-history":[{"count":318,"href":"https:\/\/includit.ipleiria.pt\/en\/wp-json\/wp\/v2\/pages\/740\/revisions"}],"predecessor-version":[{"id":3501,"href":"https:\/\/includit.ipleiria.pt\/en\/wp-json\/wp\/v2\/pages\/740\/revisions\/3501"}],"wp:attachment":[{"href":"https:\/\/includit.ipleiria.pt\/en\/wp-json\/wp\/v2\/media?parent=740"}],"curies":[{"name":"wp","href":"https:\/\/api.w.org\/{rel}","templated":true}]}}